{"id":10614,"date":"2023-10-10T15:17:37","date_gmt":"2023-10-10T13:17:37","guid":{"rendered":"https:\/\/barbanti.it\/?page_id=10614"},"modified":"2023-10-23T11:15:20","modified_gmt":"2023-10-23T09:15:20","slug":"energiesparmoglichkeiten","status":"publish","type":"page","link":"https:\/\/barbanti.it\/de\/energiesparmoglichkeiten\/","title":{"rendered":"Energiesparm\u00f6glichkeiten"},"content":{"rendered":"\t\t<div data-elementor-type=\"wp-page\" data-elementor-id=\"10614\" class=\"elementor elementor-10614 elementor-10611\" data-elementor-post-type=\"page\">\n\t\t\t\t\t\t\t\t\t<section class=\"elementor-section elementor-top-section elementor-element elementor-element-49278a0 elementor-section-boxed elementor-section-height-default elementor-section-height-default\" data-id=\"49278a0\" data-element_type=\"section\" data-settings=\"{&quot;background_background&quot;:&quot;classic&quot;}\">\n\t\t\t\t\t\t\t<div class=\"elementor-background-overlay\"><\/div>\n\t\t\t\t\t\t\t<div class=\"elementor-container elementor-column-gap-default\">\n\t\t\t\t\t<div class=\"elementor-column elementor-col-100 elementor-top-column elementor-element elementor-element-8d23512\" data-id=\"8d23512\" data-element_type=\"column\">\n\t\t\t<div class=\"elementor-widget-wrap elementor-element-populated\">\n\t\t\t\t\t\t\t\t<div class=\"elementor-element elementor-element-d83b5e3 elementor-widget elementor-widget-breadcrumbs\" data-id=\"d83b5e3\" data-element_type=\"widget\" data-widget_type=\"breadcrumbs.default\">\n\t\t\t\t<div class=\"elementor-widget-container\">\n\t\t\t<p id=\"breadcrumbs\"><\/p>\t\t<\/div>\n\t\t\t\t<\/div>\n\t\t\t\t\t<\/div>\n\t\t<\/div>\n\t\t\t\t\t\t\t<\/div>\n\t\t<\/section>\n\t\t\t\t<section class=\"elementor-section elementor-top-section elementor-element elementor-element-f54fb49 elementor-section-boxed elementor-section-height-default elementor-section-height-default\" data-id=\"f54fb49\" data-element_type=\"section\">\n\t\t\t\t\t\t<div class=\"elementor-container elementor-column-gap-default\">\n\t\t\t\t\t<div class=\"elementor-column elementor-col-50 elementor-top-column elementor-element elementor-element-66199c7\" data-id=\"66199c7\" data-element_type=\"column\">\n\t\t\t<div class=\"elementor-widget-wrap elementor-element-populated\">\n\t\t\t\t\t\t\t\t<div class=\"elementor-element elementor-element-89dd843 elementor-widget elementor-widget-heading\" data-id=\"89dd843\" data-element_type=\"widget\" data-widget_type=\"heading.default\">\n\t\t\t\t<div class=\"elementor-widget-container\">\n\t\t\t<h3 class=\"elementor-heading-title elementor-size-default\">W\u00c4RMER\u00dcCKGEWINNUNG<\/h3>\t\t<\/div>\n\t\t\t\t<\/div>\n\t\t\t\t<div class=\"elementor-element elementor-element-48d4b54 elementor-widget elementor-widget-text-editor\" data-id=\"48d4b54\" data-element_type=\"widget\" data-widget_type=\"text-editor.default\">\n\t\t\t\t<div class=\"elementor-widget-container\">\n\t\t\t\t\t\t\t<p><em>Unser Patent von 2008<\/em><\/p>\t\t\t\t\t\t<\/div>\n\t\t\t\t<\/div>\n\t\t\t\t<section class=\"elementor-section elementor-inner-section elementor-element elementor-element-033c838 elementor-section-boxed elementor-section-height-default elementor-section-height-default\" data-id=\"033c838\" data-element_type=\"section\">\n\t\t\t\t\t\t<div class=\"elementor-container elementor-column-gap-default\">\n\t\t\t\t\t<div class=\"elementor-column elementor-col-100 elementor-inner-column elementor-element elementor-element-6eef044\" data-id=\"6eef044\" data-element_type=\"column\">\n\t\t\t<div class=\"elementor-widget-wrap elementor-element-populated\">\n\t\t\t\t\t\t\t\t<div class=\"elementor-element elementor-element-b90bdba elementor-widget elementor-widget-text-editor\" data-id=\"b90bdba\" data-element_type=\"widget\" data-settings=\"{&quot;_animation&quot;:&quot;none&quot;}\" data-widget_type=\"text-editor.default\">\n\t\t\t\t<div class=\"elementor-widget-container\">\n\t\t\t\t\t\t\t<p>Die Haube gewinnt die hei\u00dfe Luft aus der Trocknungsphase zur\u00fcck und recycelt sie zur Wiederverwendung, wodurch sowohl der Energieverbrauch als auch die Leistung der Maschine optimiert werden; au\u00dferdem \u00fcberhitzt die Maschine die Arbeitsumgebung nicht, wodurch diese ges\u00fcnder bleibt.<\/p>\t\t\t\t\t\t<\/div>\n\t\t\t\t<\/div>\n\t\t\t\t\t<\/div>\n\t\t<\/div>\n\t\t\t\t\t\t\t<\/div>\n\t\t<\/section>\n\t\t\t\t<div class=\"elementor-element elementor-element-76f4bd4 elementor-widget elementor-widget-heading\" data-id=\"76f4bd4\" data-element_type=\"widget\" data-widget_type=\"heading.default\">\n\t\t\t\t<div class=\"elementor-widget-container\">\n\t\t\t<h3 class=\"elementor-heading-title elementor-size-default\">KONDENSATR\u00dcCKF\u00dcHRUNG<\/h3>\t\t<\/div>\n\t\t\t\t<\/div>\n\t\t\t\t<div class=\"elementor-element elementor-element-5ebe372 elementor-widget elementor-widget-text-editor\" data-id=\"5ebe372\" data-element_type=\"widget\" data-widget_type=\"text-editor.default\">\n\t\t\t\t<div class=\"elementor-widget-container\">\n\t\t\t\t\t\t\t<p><em>Unser Patent von 2013<\/em><\/p>\t\t\t\t\t\t<\/div>\n\t\t\t\t<\/div>\n\t\t\t\t<section class=\"elementor-section elementor-inner-section elementor-element elementor-element-904c337 elementor-section-boxed elementor-section-height-default elementor-section-height-default\" data-id=\"904c337\" data-element_type=\"section\">\n\t\t\t\t\t\t<div class=\"elementor-container elementor-column-gap-default\">\n\t\t\t\t\t<div class=\"elementor-column elementor-col-100 elementor-inner-column elementor-element elementor-element-0f23bd8\" data-id=\"0f23bd8\" data-element_type=\"column\">\n\t\t\t<div class=\"elementor-widget-wrap elementor-element-populated\">\n\t\t\t\t\t\t\t\t<div class=\"elementor-element elementor-element-c36314b elementor-widget elementor-widget-text-editor\" data-id=\"c36314b\" data-element_type=\"widget\" data-widget_type=\"text-editor.default\">\n\t\t\t\t<div class=\"elementor-widget-container\">\n\t\t\t\t\t\t\t<p>Wir haben dieses R\u00fcckgewinnungssystem entwickelt und patentiert, das <b>die hohe Temperatur des Kondensats nutzt, um die innere Luft vorzuw\u00e4rmen<\/b>, wodurch die Temperatur erh\u00f6ht und der Energieverbrauch und die Kosten gesenkt werden.<\/p>\t\t\t\t\t\t<\/div>\n\t\t\t\t<\/div>\n\t\t\t\t\t<\/div>\n\t\t<\/div>\n\t\t\t\t\t\t\t<\/div>\n\t\t<\/section>\n\t\t\t\t<div class=\"elementor-element elementor-element-cb23ac0 elementor-widget elementor-widget-heading\" data-id=\"cb23ac0\" data-element_type=\"widget\" data-widget_type=\"heading.default\">\n\t\t\t\t<div class=\"elementor-widget-container\">\n\t\t\t<h3 class=\"elementor-heading-title elementor-size-default\">STAND-BY-FUNKTION<\/h3>\t\t<\/div>\n\t\t\t\t<\/div>\n\t\t\t\t<div class=\"elementor-element elementor-element-7e9cd6e elementor-widget elementor-widget-text-editor\" data-id=\"7e9cd6e\" data-element_type=\"widget\" data-widget_type=\"text-editor.default\">\n\t\t\t\t<div class=\"elementor-widget-container\">\n\t\t\t\t\t\t\t<p><em>Entwickelt im Jahr 2014<\/em><\/p>\t\t\t\t\t\t<\/div>\n\t\t\t\t<\/div>\n\t\t\t\t<section class=\"elementor-section elementor-inner-section elementor-element elementor-element-15ffbb4 elementor-section-boxed elementor-section-height-default elementor-section-height-default\" data-id=\"15ffbb4\" data-element_type=\"section\">\n\t\t\t\t\t\t<div class=\"elementor-container elementor-column-gap-default\">\n\t\t\t\t\t<div class=\"elementor-column elementor-col-100 elementor-inner-column elementor-element elementor-element-7bc2d82\" data-id=\"7bc2d82\" data-element_type=\"column\">\n\t\t\t<div class=\"elementor-widget-wrap elementor-element-populated\">\n\t\t\t\t\t\t\t\t<div class=\"elementor-element elementor-element-42438c5 elementor-widget elementor-widget-text-editor\" data-id=\"42438c5\" data-element_type=\"widget\" data-settings=\"{&quot;_animation&quot;:&quot;none&quot;}\" data-widget_type=\"text-editor.default\">\n\t\t\t\t<div class=\"elementor-widget-container\">\n\t\t\t\t\t\t\t<h5>ENERGIESPARM\u00d6GLICHKEITEN<\/h5>\t\t\t\t\t\t<\/div>\n\t\t\t\t<\/div>\n\t\t\t\t<div class=\"elementor-element elementor-element-996d4b4 elementor-widget elementor-widget-text-editor\" data-id=\"996d4b4\" data-element_type=\"widget\" data-widget_type=\"text-editor.default\">\n\t\t\t\t<div class=\"elementor-widget-container\">\n\t\t\t\t\t\t\t<strong>Sparen kann und sollte sein:<\/strong>\n<ul>\n \t<li>f\u00fcr eine globale Reduzierung der Umweltverschmutzung;<\/li>\n \t<li>f\u00fcr eine korrekte Einordnung in sektorale Studien;<\/li>\n \t<li>f\u00fcr eine ges\u00fcndere Umwelt;<\/li>\n<li>f\u00fcr eine Senkung der Energiekosten, die immer h\u00f6her werden und den Gewinn auffressen.<\/li>\n<\/ul>\t\t\t\t\t\t<\/div>\n\t\t\t\t<\/div>\n\t\t\t\t\t<\/div>\n\t\t<\/div>\n\t\t\t\t\t\t\t<\/div>\n\t\t<\/section>\n\t\t\t\t<section class=\"elementor-section elementor-inner-section elementor-element elementor-element-d6cb721 elementor-section-boxed elementor-section-height-default elementor-section-height-default\" data-id=\"d6cb721\" data-element_type=\"section\">\n\t\t\t\t\t\t<div class=\"elementor-container elementor-column-gap-default\">\n\t\t\t\t\t<div class=\"elementor-column elementor-col-100 elementor-inner-column elementor-element elementor-element-0852048\" data-id=\"0852048\" data-element_type=\"column\">\n\t\t\t<div class=\"elementor-widget-wrap elementor-element-populated\">\n\t\t\t\t\t\t\t\t<div class=\"elementor-element elementor-element-6c146d6 elementor-widget elementor-widget-text-editor\" data-id=\"6c146d6\" data-element_type=\"widget\" data-widget_type=\"text-editor.default\">\n\t\t\t\t<div class=\"elementor-widget-container\">\n\t\t\t\t\t\t\t<p><strong>In einer W\u00e4scherei<\/strong> haben wir den h\u00f6chsten Verbrauch in der B\u00fcgelabteilung. In der Tat:<\/p><ul><li>Bei einer Waschmaschine ist es einfach, den Verbrauch zu berechnen, der im Verh\u00e4ltnis zur Anzahl der gewaschenen Teile immer niedrig ist, und wenn die Waschmaschine stillsteht, ist der Verbrauch gleich Null, wobei <strong>der tats\u00e4chliche Verbrauch durch das Finishen entsteht und schwer zu berechnen ist<\/strong>.<\/li><li>Der Dampferzeuger wird oft zu Beginn des Tages eingeschaltet, auch wenn man erst nach einer Stunde mit dem Finishen beginnt.<\/li><li>Alle Ger\u00e4te werden elektrisch und mit Dampf in Betrieb gehalten.<\/li><li>In den Mittagspausen werden die Ger\u00e4te nicht abgeschaltet.<\/li><li>Die Ger\u00e4te bleiben eingeschaltet, auch wenn sie nicht benutzt werden.<\/li><li>In der Mitte der Woche sinkt die Zahl der zu bearbeitenden Kleidungsst\u00fccke oft, aber die Ger\u00e4te bleiben in Betrieb.<\/li><\/ul><p><strong>All dies f\u00fchrt dazu, dass der Stromz\u00e4hler unaufh\u00f6rlich<\/strong> <strong>weiterl\u00e4uft, die Kilowattstunden immer mehr werden und die Rechnung immer h\u00f6her wird.<\/strong><\/p>\t\t\t\t\t\t<\/div>\n\t\t\t\t<\/div>\n\t\t\t\t\t<\/div>\n\t\t<\/div>\n\t\t\t\t\t\t\t<\/div>\n\t\t<\/section>\n\t\t\t\t<section class=\"elementor-section elementor-inner-section elementor-element elementor-element-464c8c4 elementor-section-boxed elementor-section-height-default elementor-section-height-default\" data-id=\"464c8c4\" data-element_type=\"section\">\n\t\t\t\t\t\t<div class=\"elementor-container elementor-column-gap-default\">\n\t\t\t\t\t<div class=\"elementor-column elementor-col-100 elementor-inner-column elementor-element elementor-element-e810818\" data-id=\"e810818\" data-element_type=\"column\">\n\t\t\t<div class=\"elementor-widget-wrap elementor-element-populated\">\n\t\t\t\t\t\t\t\t<div class=\"elementor-element elementor-element-4e9e1dc elementor-widget elementor-widget-text-editor\" data-id=\"4e9e1dc\" data-element_type=\"widget\" data-widget_type=\"text-editor.default\">\n\t\t\t\t<div class=\"elementor-widget-container\">\n\t\t\t\t\t\t\t<p>Um diese Situation umzukehren, haben wir ein System entwickelt, das, auch dank des <strong>neuen Touchscreen-Computers<\/strong>, nicht nur das Finishger\u00e4t mit zahlreichen M\u00f6glichkeiten, Variationen und Statistiken verwaltet, sondern auch \u00fcber eine <strong>Stand-by-Funktion<\/strong> verf\u00fcgt, <strong>womit das Ger\u00e4t nach der eingestellten Stillstandzeit <\/strong>durch Trennung der Strom- und Dampfversorgung <strong>bei Nichtanwendung ausgeschaltet wird<\/strong>, f\u00fcr eine vollst\u00e4ndige Unterbrechung der Verbr\u00e4uche.<\/p><p>\u00a0<\/p><p>Wenn Sie das Ger\u00e4t wieder benutzen wollen, brauchen Sie nur einen Knopf zu dr\u00fccken, und ein patentiertes System setzt die Funktionen schrittweise zur\u00fcck, so dass Sie die Maschine innerhalb weniger Minuten wieder betreiben k\u00f6nnen.<\/p><p>Au\u00dferdem k\u00f6nnen Sie durch den neuen Computer <strong>Produktion, Produktivit\u00e4t, Ausfallzeiten, Statistiken und Produktionsm\u00e4ngel<\/strong> von Ihrem B\u00fcrocomputer aus \u00fcberwachen.<\/p>\t\t\t\t\t\t<\/div>\n\t\t\t\t<\/div>\n\t\t\t\t\t<\/div>\n\t\t<\/div>\n\t\t\t\t\t\t\t<\/div>\n\t\t<\/section>\n\t\t\t\t\t<\/div>\n\t\t<\/div>\n\t\t\t\t<div class=\"elementor-column elementor-col-50 elementor-top-column elementor-element elementor-element-8e5efa5\" data-id=\"8e5efa5\" data-element_type=\"column\">\n\t\t\t<div class=\"elementor-widget-wrap elementor-element-populated\">\n\t\t\t\t\t\t\t\t<section class=\"elementor-section elementor-inner-section elementor-element elementor-element-d89ade3 elementor-section-boxed elementor-section-height-default elementor-section-height-default\" data-id=\"d89ade3\" data-element_type=\"section\" id=\"sticky\">\n\t\t\t\t\t\t<div class=\"elementor-container elementor-column-gap-default\">\n\t\t\t\t\t<div class=\"elementor-column elementor-col-100 elementor-inner-column elementor-element elementor-element-d873351 colonna-immagini\" data-id=\"d873351\" data-element_type=\"column\">\n\t\t\t<div class=\"elementor-widget-wrap elementor-element-populated\">\n\t\t\t\t\t\t\t\t<div class=\"elementor-element elementor-element-e55eb5c elementor-widget__width-initial elementor-widget elementor-widget-image\" data-id=\"e55eb5c\" data-element_type=\"widget\" data-widget_type=\"image.default\">\n\t\t\t\t<div class=\"elementor-widget-container\">\n\t\t\t\t\t\t\t\t\t\t\t\t\t\t\t<img loading=\"lazy\" decoding=\"async\" width=\"697\" height=\"595\" src=\"https:\/\/barbanti.it\/wp-content\/uploads\/2023\/10\/Barbanti-Recupero-calore.png\" class=\"attachment-large size-large wp-image-10652\" alt=\"\" srcset=\"https:\/\/barbanti.it\/wp-content\/uploads\/2023\/10\/Barbanti-Recupero-calore.png 697w, https:\/\/barbanti.it\/wp-content\/uploads\/2023\/10\/Barbanti-Recupero-calore-300x256.png 300w\" sizes=\"(max-width: 697px) 100vw, 697px\" \/>\t\t\t\t\t\t\t\t\t\t\t\t\t\t\t<\/div>\n\t\t\t\t<\/div>\n\t\t\t\t<div class=\"elementor-element elementor-element-285f322 elementor-widget__width-initial elementor-widget elementor-widget-text-editor\" data-id=\"285f322\" data-element_type=\"widget\" data-widget_type=\"text-editor.default\">\n\t\t\t\t<div class=\"elementor-widget-container\">\n\t\t\t\t\t\t\t<p><em>Das mit einer W\u00e4rmebildkamera aufgenommene Foto zeigt deutlich die perfekte und optimale Temperaturverteilung der Maschine und die effiziente R\u00fcckf\u00fchrung der hei\u00dfen Luft durch die Haube, ohne dass der Bediener (im gr\u00fcnen Bereich hervorgehoben) durch die Hitze beeintr\u00e4chtigt wird, w\u00e4hrend er sich im Arbeitsbereich befindet.<\/em><\/p>\t\t\t\t\t\t<\/div>\n\t\t\t\t<\/div>\n\t\t\t\t\t<\/div>\n\t\t<\/div>\n\t\t\t\t\t\t\t<\/div>\n\t\t<\/section>\n\t\t\t\t\t<\/div>\n\t\t<\/div>\n\t\t\t\t\t\t\t<\/div>\n\t\t<\/section>\n\t\t\t\t<section class=\"elementor-section elementor-top-section elementor-element elementor-element-fc6e9ba elementor-section-boxed elementor-section-height-default elementor-section-height-default\" data-id=\"fc6e9ba\" data-element_type=\"section\" data-settings=\"{&quot;background_background&quot;:&quot;classic&quot;}\">\n\t\t\t\t\t\t\t<div class=\"elementor-background-overlay\"><\/div>\n\t\t\t\t\t\t\t<div class=\"elementor-container elementor-column-gap-default\">\n\t\t\t\t\t<div class=\"elementor-column elementor-col-100 elementor-top-column elementor-element elementor-element-f588070\" data-id=\"f588070\" data-element_type=\"column\">\n\t\t\t<div class=\"elementor-widget-wrap elementor-element-populated\">\n\t\t\t\t\t\t\t\t<div class=\"elementor-element elementor-element-465205f elementor-widget elementor-widget-spacer\" data-id=\"465205f\" data-element_type=\"widget\" data-widget_type=\"spacer.default\">\n\t\t\t\t<div class=\"elementor-widget-container\">\n\t\t\t\t\t<div class=\"elementor-spacer\">\n\t\t\t<div class=\"elementor-spacer-inner\"><\/div>\n\t\t<\/div>\n\t\t\t\t<\/div>\n\t\t\t\t<\/div>\n\t\t\t\t\t<\/div>\n\t\t<\/div>\n\t\t\t\t\t\t\t<\/div>\n\t\t<\/section>\n\t\t\t\t\t\t\t<\/div>\n\t\t","protected":false},"excerpt":{"rendered":"<p>W\u00c4RMER\u00dcCKGEWINNUNG Unser Patent von 2008 Die Haube gewinnt die hei\u00dfe Luft aus der Trocknungsphase zur\u00fcck und recycelt sie zur Wiederverwendung, wodurch sowohl der Energieverbrauch als auch die Leistung der Maschine optimiert werden; au\u00dferdem \u00fcberhitzt die Maschine die Arbeitsumgebung nicht, wodurch diese ges\u00fcnder bleibt. KONDENSATR\u00dcCKF\u00dcHRUNG Unser Patent von 2013 Wir haben dieses R\u00fcckgewinnungssystem entwickelt und patentiert, [&hellip;]<\/p>\n","protected":false},"author":1,"featured_media":10652,"parent":0,"menu_order":0,"comment_status":"closed","ping_status":"closed","template":"","meta":{"inline_featured_image":false,"footnotes":""},"acf":[],"yoast_head":"<!-- This site is optimized with the Yoast SEO plugin v21.5 - https:\/\/yoast.com\/wordpress\/plugins\/seo\/ -->\n<title>Energiesparm\u00f6glichkeiten - Barbanti<\/title>\n<meta name=\"robots\" content=\"index, follow, max-snippet:-1, max-image-preview:large, max-video-preview:-1\" \/>\n<link rel=\"canonical\" href=\"https:\/\/barbanti.it\/de\/energiesparmoglichkeiten\/\" \/>\n<meta property=\"og:locale\" content=\"de_DE\" \/>\n<meta property=\"og:type\" content=\"article\" \/>\n<meta property=\"og:title\" content=\"Energiesparm\u00f6glichkeiten - Barbanti\" \/>\n<meta property=\"og:description\" content=\"W\u00c4RMER\u00dcCKGEWINNUNG Unser Patent von 2008 Die Haube gewinnt die hei\u00dfe Luft aus der Trocknungsphase zur\u00fcck und recycelt sie zur Wiederverwendung, wodurch sowohl der Energieverbrauch als auch die Leistung der Maschine optimiert werden; au\u00dferdem \u00fcberhitzt die Maschine die Arbeitsumgebung nicht, wodurch diese ges\u00fcnder bleibt. KONDENSATR\u00dcCKF\u00dcHRUNG Unser Patent von 2013 Wir haben dieses R\u00fcckgewinnungssystem entwickelt und patentiert, [&hellip;]\" \/>\n<meta property=\"og:url\" content=\"https:\/\/barbanti.it\/de\/energiesparmoglichkeiten\/\" \/>\n<meta property=\"og:site_name\" content=\"Barbanti\" \/>\n<meta property=\"article:modified_time\" content=\"2023-10-23T09:15:20+00:00\" \/>\n<meta property=\"og:image\" content=\"https:\/\/barbanti.it\/wp-content\/uploads\/2023\/10\/Barbanti-Recupero-calore.png\" \/>\n\t<meta property=\"og:image:width\" content=\"697\" \/>\n\t<meta property=\"og:image:height\" content=\"595\" \/>\n\t<meta property=\"og:image:type\" content=\"image\/png\" \/>\n<meta name=\"twitter:card\" content=\"summary_large_image\" \/>\n<meta name=\"twitter:label1\" content=\"Gesch\u00e4tzte Lesezeit\" \/>\n\t<meta name=\"twitter:data1\" content=\"3\u00a0Minuten\" \/>\n<script type=\"application\/ld+json\" class=\"yoast-schema-graph\">{\"@context\":\"https:\/\/schema.org\",\"@graph\":[{\"@type\":\"WebPage\",\"@id\":\"https:\/\/barbanti.it\/de\/energiesparmoglichkeiten\/\",\"url\":\"https:\/\/barbanti.it\/de\/energiesparmoglichkeiten\/\",\"name\":\"Energiesparm\u00f6glichkeiten - Barbanti\",\"isPartOf\":{\"@id\":\"https:\/\/barbanti.it\/#website\"},\"datePublished\":\"2023-10-10T13:17:37+00:00\",\"dateModified\":\"2023-10-23T09:15:20+00:00\",\"inLanguage\":\"de\",\"potentialAction\":[{\"@type\":\"ReadAction\",\"target\":[\"https:\/\/barbanti.it\/de\/energiesparmoglichkeiten\/\"]}]},{\"@type\":\"WebSite\",\"@id\":\"https:\/\/barbanti.it\/#website\",\"url\":\"https:\/\/barbanti.it\/\",\"name\":\"Barbanti\",\"description\":\"Attrezzature per stiro industriale\",\"publisher\":{\"@id\":\"https:\/\/barbanti.it\/#organization\"},\"potentialAction\":[{\"@type\":\"SearchAction\",\"target\":{\"@type\":\"EntryPoint\",\"urlTemplate\":\"https:\/\/barbanti.it\/?s={search_term_string}\"},\"query-input\":\"required name=search_term_string\"}],\"inLanguage\":\"de\"},{\"@type\":\"Organization\",\"@id\":\"https:\/\/barbanti.it\/#organization\",\"name\":\"Barbanti\",\"url\":\"https:\/\/barbanti.it\/\",\"logo\":{\"@type\":\"ImageObject\",\"inLanguage\":\"de\",\"@id\":\"https:\/\/barbanti.it\/#\/schema\/logo\/image\/\",\"url\":\"https:\/\/barbanti.it\/wp-content\/uploads\/2020\/09\/logo.svg\",\"contentUrl\":\"https:\/\/barbanti.it\/wp-content\/uploads\/2020\/09\/logo.svg\",\"width\":449,\"height\":119,\"caption\":\"Barbanti\"},\"image\":{\"@id\":\"https:\/\/barbanti.it\/#\/schema\/logo\/image\/\"}}]}<\/script>\n<!-- \/ Yoast SEO plugin. -->","yoast_head_json":{"title":"Energiesparm\u00f6glichkeiten - Barbanti","robots":{"index":"index","follow":"follow","max-snippet":"max-snippet:-1","max-image-preview":"max-image-preview:large","max-video-preview":"max-video-preview:-1"},"canonical":"https:\/\/barbanti.it\/de\/energiesparmoglichkeiten\/","og_locale":"de_DE","og_type":"article","og_title":"Energiesparm\u00f6glichkeiten - Barbanti","og_description":"W\u00c4RMER\u00dcCKGEWINNUNG Unser Patent von 2008 Die Haube gewinnt die hei\u00dfe Luft aus der Trocknungsphase zur\u00fcck und recycelt sie zur Wiederverwendung, wodurch sowohl der Energieverbrauch als auch die Leistung der Maschine optimiert werden; au\u00dferdem \u00fcberhitzt die Maschine die Arbeitsumgebung nicht, wodurch diese ges\u00fcnder bleibt. KONDENSATR\u00dcCKF\u00dcHRUNG Unser Patent von 2013 Wir haben dieses R\u00fcckgewinnungssystem entwickelt und patentiert, [&hellip;]","og_url":"https:\/\/barbanti.it\/de\/energiesparmoglichkeiten\/","og_site_name":"Barbanti","article_modified_time":"2023-10-23T09:15:20+00:00","og_image":[{"width":697,"height":595,"url":"https:\/\/barbanti.it\/wp-content\/uploads\/2023\/10\/Barbanti-Recupero-calore.png","type":"image\/png"}],"twitter_card":"summary_large_image","twitter_misc":{"Gesch\u00e4tzte Lesezeit":"3\u00a0Minuten"},"schema":{"@context":"https:\/\/schema.org","@graph":[{"@type":"WebPage","@id":"https:\/\/barbanti.it\/de\/energiesparmoglichkeiten\/","url":"https:\/\/barbanti.it\/de\/energiesparmoglichkeiten\/","name":"Energiesparm\u00f6glichkeiten - Barbanti","isPartOf":{"@id":"https:\/\/barbanti.it\/#website"},"datePublished":"2023-10-10T13:17:37+00:00","dateModified":"2023-10-23T09:15:20+00:00","inLanguage":"de","potentialAction":[{"@type":"ReadAction","target":["https:\/\/barbanti.it\/de\/energiesparmoglichkeiten\/"]}]},{"@type":"WebSite","@id":"https:\/\/barbanti.it\/#website","url":"https:\/\/barbanti.it\/","name":"Barbanti","description":"Attrezzature per stiro industriale","publisher":{"@id":"https:\/\/barbanti.it\/#organization"},"potentialAction":[{"@type":"SearchAction","target":{"@type":"EntryPoint","urlTemplate":"https:\/\/barbanti.it\/?s={search_term_string}"},"query-input":"required name=search_term_string"}],"inLanguage":"de"},{"@type":"Organization","@id":"https:\/\/barbanti.it\/#organization","name":"Barbanti","url":"https:\/\/barbanti.it\/","logo":{"@type":"ImageObject","inLanguage":"de","@id":"https:\/\/barbanti.it\/#\/schema\/logo\/image\/","url":"https:\/\/barbanti.it\/wp-content\/uploads\/2020\/09\/logo.svg","contentUrl":"https:\/\/barbanti.it\/wp-content\/uploads\/2020\/09\/logo.svg","width":449,"height":119,"caption":"Barbanti"},"image":{"@id":"https:\/\/barbanti.it\/#\/schema\/logo\/image\/"}}]}},"_links":{"self":[{"href":"https:\/\/barbanti.it\/de\/wp-json\/wp\/v2\/pages\/10614"}],"collection":[{"href":"https:\/\/barbanti.it\/de\/wp-json\/wp\/v2\/pages"}],"about":[{"href":"https:\/\/barbanti.it\/de\/wp-json\/wp\/v2\/types\/page"}],"author":[{"embeddable":true,"href":"https:\/\/barbanti.it\/de\/wp-json\/wp\/v2\/users\/1"}],"replies":[{"embeddable":true,"href":"https:\/\/barbanti.it\/de\/wp-json\/wp\/v2\/comments?post=10614"}],"version-history":[{"count":26,"href":"https:\/\/barbanti.it\/de\/wp-json\/wp\/v2\/pages\/10614\/revisions"}],"predecessor-version":[{"id":11297,"href":"https:\/\/barbanti.it\/de\/wp-json\/wp\/v2\/pages\/10614\/revisions\/11297"}],"wp:featuredmedia":[{"embeddable":true,"href":"https:\/\/barbanti.it\/de\/wp-json\/wp\/v2\/media\/10652"}],"wp:attachment":[{"href":"https:\/\/barbanti.it\/de\/wp-json\/wp\/v2\/media?parent=10614"}],"curies":[{"name":"wp","href":"https:\/\/api.w.org\/{rel}","templated":true}]}}