{"id":5476,"date":"2020-06-09T08:47:17","date_gmt":"2020-06-09T06:47:17","guid":{"rendered":"https:\/\/barbanti.it\/azienda\/"},"modified":"2020-11-26T10:58:13","modified_gmt":"2020-11-26T09:58:13","slug":"empresa","status":"publish","type":"page","link":"https:\/\/barbanti.it\/es\/empresa\/","title":{"rendered":"Empresa"},"content":{"rendered":"\t\t<div data-elementor-type=\"wp-page\" data-elementor-id=\"5476\" class=\"elementor elementor-5476 elementor-297\" data-elementor-post-type=\"page\">\n\t\t\t\t\t\t\t\t\t<section class=\"elementor-section elementor-top-section elementor-element elementor-element-a2e1b6c elementor-section-boxed elementor-section-height-default elementor-section-height-default\" data-id=\"a2e1b6c\" data-element_type=\"section\">\n\t\t\t\t\t\t<div class=\"elementor-container elementor-column-gap-default\">\n\t\t\t\t\t<div class=\"elementor-column elementor-col-100 elementor-top-column elementor-element elementor-element-d74f3a9\" data-id=\"d74f3a9\" data-element_type=\"column\">\n\t\t\t<div class=\"elementor-widget-wrap elementor-element-populated\">\n\t\t\t\t\t\t\t\t<div class=\"elementor-element elementor-element-f9f5eb4 elementor-widget elementor-widget-spacer\" data-id=\"f9f5eb4\" data-element_type=\"widget\" data-widget_type=\"spacer.default\">\n\t\t\t\t<div class=\"elementor-widget-container\">\n\t\t\t\t\t<div class=\"elementor-spacer\">\n\t\t\t<div class=\"elementor-spacer-inner\"><\/div>\n\t\t<\/div>\n\t\t\t\t<\/div>\n\t\t\t\t<\/div>\n\t\t\t\t\t<\/div>\n\t\t<\/div>\n\t\t\t\t\t\t\t<\/div>\n\t\t<\/section>\n\t\t\t\t<section class=\"elementor-section elementor-top-section elementor-element elementor-element-56ea6729 elementor-section-boxed elementor-section-height-default elementor-section-height-default\" data-id=\"56ea6729\" data-element_type=\"section\">\n\t\t\t\t\t\t<div class=\"elementor-container elementor-column-gap-default\">\n\t\t\t\t\t<div class=\"elementor-column elementor-col-50 elementor-top-column elementor-element elementor-element-7941bef4\" data-id=\"7941bef4\" data-element_type=\"column\">\n\t\t\t<div class=\"elementor-widget-wrap elementor-element-populated\">\n\t\t\t\t\t\t\t\t<div class=\"elementor-element elementor-element-40a0b639 elementor-widget elementor-widget-image\" data-id=\"40a0b639\" data-element_type=\"widget\" data-widget_type=\"image.default\">\n\t\t\t\t<div class=\"elementor-widget-container\">\n\t\t\t\t\t\t\t\t\t\t\t\t\t\t\t\t<a href=\"https:\/\/barbanti.it\/azienda\/about\/\">\n\t\t\t\t\t\t\t<img loading=\"lazy\" decoding=\"async\" width=\"1024\" height=\"1024\" src=\"https:\/\/barbanti.it\/wp-content\/uploads\/2020\/07\/stabilimento-barbanti-1024x1024.jpg\" class=\"attachment-large size-large wp-image-5477\" alt=\"\" srcset=\"https:\/\/barbanti.it\/wp-content\/uploads\/2020\/07\/stabilimento-barbanti.jpg 1024w, https:\/\/barbanti.it\/wp-content\/uploads\/2020\/07\/stabilimento-barbanti-300x300.jpg 300w, https:\/\/barbanti.it\/wp-content\/uploads\/2020\/07\/stabilimento-barbanti-150x150.jpg 150w, https:\/\/barbanti.it\/wp-content\/uploads\/2020\/07\/stabilimento-barbanti-768x768.jpg 768w\" sizes=\"(max-width: 1024px) 100vw, 1024px\" \/>\t\t\t\t\t\t\t\t<\/a>\n\t\t\t\t\t\t\t\t\t\t\t\t\t\t\t<\/div>\n\t\t\t\t<\/div>\n\t\t\t\t\t<\/div>\n\t\t<\/div>\n\t\t\t\t<div class=\"elementor-column elementor-col-50 elementor-top-column elementor-element elementor-element-11fee0de\" data-id=\"11fee0de\" data-element_type=\"column\">\n\t\t\t<div class=\"elementor-widget-wrap elementor-element-populated\">\n\t\t\t\t\t\t\t\t<div class=\"elementor-element elementor-element-1e8c9958 elementor-widget elementor-widget-text-editor\" data-id=\"1e8c9958\" data-element_type=\"widget\" data-widget_type=\"text-editor.default\">\n\t\t\t\t<div class=\"elementor-widget-container\">\n\t\t\t\t\t\t\t<p>Quienes somos<\/p>\t\t\t\t\t\t<\/div>\n\t\t\t\t<\/div>\n\t\t\t\t<div class=\"elementor-element elementor-element-7552aeac elementor-widget elementor-widget-text-editor\" data-id=\"7552aeac\" data-element_type=\"widget\" data-widget_type=\"text-editor.default\">\n\t\t\t\t<div class=\"elementor-widget-container\">\n\t\t\t\t\t\t\t<div class=\"elementor-element elementor-element-f535639 elementor-widget elementor-widget-text-editor\" data-id=\"f535639\" data-element_type=\"widget\" data-widget_type=\"text-editor.default\"><div class=\"elementor-widget-container\"><div class=\"elementor-text-editor elementor-clearfix\"><p>Somos una\u00a0<strong>empresa con m\u00e1s de 40 a\u00f1os de experiencia consolidada<\/strong>\u00a0en la proyecci\u00f3n y producci\u00f3n de\u00a0<strong>equipos para el planchado industrial<\/strong>. Nuestra gama completa abarca de los generadores de vapor a las tablas de planchar, topper, prensas, maniqu\u00eds gen\u00e9ricos y espec\u00edficos y, adem\u00e1s, somos capaces de satisfacer todas las exigencias de los distintos sectores, de la\u00a0<strong>lavander\u00eda en seco al wet cleaning<\/strong>, de la\u00a0<strong>confecci\u00f3n<\/strong>\u00a0ad\u00a0<strong>Horeca para hoteles y comunidades<\/strong>.<\/p><\/div><\/div><\/div>\t\t\t\t\t\t<\/div>\n\t\t\t\t<\/div>\n\t\t\t\t<div class=\"elementor-element elementor-element-3c91a86a elementor-align-left btn_frec elementor-widget elementor-widget-button\" data-id=\"3c91a86a\" data-element_type=\"widget\" data-widget_type=\"button.default\">\n\t\t\t\t<div class=\"elementor-widget-container\">\n\t\t\t\t\t<div class=\"elementor-button-wrapper\">\n\t\t\t<a class=\"elementor-button elementor-button-link elementor-size-md\" href=\"https:\/\/barbanti.it\/azienda\/chi-siamo\/\">\n\t\t\t\t\t\t<span class=\"elementor-button-content-wrapper\">\n\t\t\t\t\t\t<span class=\"elementor-button-icon elementor-align-icon-right\">\n\t\t\t\t<i aria-hidden=\"true\" class=\"fas fa-arrow-circle-right\"><\/i>\t\t\t<\/span>\n\t\t\t\t\t\t<span class=\"elementor-button-text\">Descubre m\u00e1s<\/span>\n\t\t<\/span>\n\t\t\t\t\t<\/a>\n\t\t<\/div>\n\t\t\t\t<\/div>\n\t\t\t\t<\/div>\n\t\t\t\t\t<\/div>\n\t\t<\/div>\n\t\t\t\t\t\t\t<\/div>\n\t\t<\/section>\n\t\t\t\t<section class=\"elementor-section elementor-top-section elementor-element elementor-element-4af09d8 elementor-section-boxed elementor-section-height-default elementor-section-height-default\" data-id=\"4af09d8\" data-element_type=\"section\">\n\t\t\t\t\t\t<div class=\"elementor-container elementor-column-gap-default\">\n\t\t\t\t\t<div class=\"elementor-column elementor-col-100 elementor-top-column elementor-element elementor-element-e5432d2\" data-id=\"e5432d2\" data-element_type=\"column\">\n\t\t\t<div class=\"elementor-widget-wrap elementor-element-populated\">\n\t\t\t\t\t\t\t\t<div class=\"elementor-element elementor-element-7e68140 elementor-widget elementor-widget-spacer\" data-id=\"7e68140\" data-element_type=\"widget\" data-widget_type=\"spacer.default\">\n\t\t\t\t<div class=\"elementor-widget-container\">\n\t\t\t\t\t<div class=\"elementor-spacer\">\n\t\t\t<div class=\"elementor-spacer-inner\"><\/div>\n\t\t<\/div>\n\t\t\t\t<\/div>\n\t\t\t\t<\/div>\n\t\t\t\t\t<\/div>\n\t\t<\/div>\n\t\t\t\t\t\t\t<\/div>\n\t\t<\/section>\n\t\t\t\t<section class=\"elementor-section elementor-top-section elementor-element elementor-element-858c512 elementor-section-boxed elementor-section-height-default elementor-section-height-default\" data-id=\"858c512\" data-element_type=\"section\">\n\t\t\t\t\t\t<div class=\"elementor-container elementor-column-gap-default\">\n\t\t\t\t\t<div class=\"elementor-column elementor-col-66 elementor-top-column elementor-element elementor-element-0fc9e72\" data-id=\"0fc9e72\" data-element_type=\"column\">\n\t\t\t<div class=\"elementor-widget-wrap elementor-element-populated\">\n\t\t\t\t\t\t\t\t<div class=\"elementor-element elementor-element-8aff31b elementor-widget elementor-widget-text-editor\" data-id=\"8aff31b\" data-element_type=\"widget\" data-widget_type=\"text-editor.default\">\n\t\t\t\t<div class=\"elementor-widget-container\">\n\t\t\t\t\t\t\t<p>Por qu\u00e9 Barbanti<\/p>\t\t\t\t\t\t<\/div>\n\t\t\t\t<\/div>\n\t\t\t\t<div class=\"elementor-element elementor-element-011768d elementor-widget elementor-widget-text-editor\" data-id=\"011768d\" data-element_type=\"widget\" data-widget_type=\"text-editor.default\">\n\t\t\t\t<div class=\"elementor-widget-container\">\n\t\t\t\t\t\t\t<p>Barbanti, empresa con m\u00e1s de 40 a\u00f1os de experiencia, <strong>ha alcanzado las mejores prestaciones de planchado disponibles hoy en el mercado<\/strong> gracias a la constante actualizaci\u00f3n, al desarrollo de nuevos proyectos y prototipado de nuevas soluciones t\u00e9cnicas.<\/p>\t\t\t\t\t\t<\/div>\n\t\t\t\t<\/div>\n\t\t\t\t<div class=\"elementor-element elementor-element-67a129d elementor-align-left btn_frec elementor-widget elementor-widget-button\" data-id=\"67a129d\" data-element_type=\"widget\" data-widget_type=\"button.default\">\n\t\t\t\t<div class=\"elementor-widget-container\">\n\t\t\t\t\t<div class=\"elementor-button-wrapper\">\n\t\t\t<a class=\"elementor-button elementor-button-link elementor-size-md\" href=\"https:\/\/barbanti.it\/azienda\/perche-barbanti\/\">\n\t\t\t\t\t\t<span class=\"elementor-button-content-wrapper\">\n\t\t\t\t\t\t<span class=\"elementor-button-icon elementor-align-icon-right\">\n\t\t\t\t<i aria-hidden=\"true\" class=\"fas fa-arrow-circle-right\"><\/i>\t\t\t<\/span>\n\t\t\t\t\t\t<span class=\"elementor-button-text\">Descubre m\u00e1s<\/span>\n\t\t<\/span>\n\t\t\t\t\t<\/a>\n\t\t<\/div>\n\t\t\t\t<\/div>\n\t\t\t\t<\/div>\n\t\t\t\t\t<\/div>\n\t\t<\/div>\n\t\t\t\t<div class=\"elementor-column elementor-col-33 elementor-top-column elementor-element elementor-element-e5900cb\" data-id=\"e5900cb\" data-element_type=\"column\">\n\t\t\t<div class=\"elementor-widget-wrap elementor-element-populated\">\n\t\t\t\t\t\t\t\t<div class=\"elementor-element elementor-element-5eaa79c elementor-widget elementor-widget-image\" data-id=\"5eaa79c\" data-element_type=\"widget\" data-widget_type=\"image.default\">\n\t\t\t\t<div class=\"elementor-widget-container\">\n\t\t\t\t\t\t\t\t\t\t\t\t\t\t\t\t<a href=\"https:\/\/barbanti.it\/azienda\/perche-barbanti\/\">\n\t\t\t\t\t\t\t<img loading=\"lazy\" decoding=\"async\" width=\"1024\" height=\"1024\" src=\"https:\/\/barbanti.it\/wp-content\/uploads\/2020\/07\/perch\u00e8-barbanti-1024x1024.jpg\" class=\"attachment-large size-large wp-image-1119\" alt=\"\" srcset=\"https:\/\/barbanti.it\/wp-content\/uploads\/2020\/07\/perch\u00e8-barbanti.jpg 1024w, https:\/\/barbanti.it\/wp-content\/uploads\/2020\/07\/perch\u00e8-barbanti-300x300.jpg 300w, https:\/\/barbanti.it\/wp-content\/uploads\/2020\/07\/perch\u00e8-barbanti-150x150.jpg 150w, https:\/\/barbanti.it\/wp-content\/uploads\/2020\/07\/perch\u00e8-barbanti-768x768.jpg 768w\" sizes=\"(max-width: 1024px) 100vw, 1024px\" \/>\t\t\t\t\t\t\t\t<\/a>\n\t\t\t\t\t\t\t\t\t\t\t\t\t\t\t<\/div>\n\t\t\t\t<\/div>\n\t\t\t\t\t<\/div>\n\t\t<\/div>\n\t\t\t\t\t\t\t<\/div>\n\t\t<\/section>\n\t\t\t\t<section class=\"elementor-section elementor-top-section elementor-element elementor-element-0fe45eb elementor-section-boxed elementor-section-height-default elementor-section-height-default\" data-id=\"0fe45eb\" data-element_type=\"section\">\n\t\t\t\t\t\t<div class=\"elementor-container elementor-column-gap-default\">\n\t\t\t\t\t<div class=\"elementor-column elementor-col-100 elementor-top-column elementor-element elementor-element-fb9e6fe\" data-id=\"fb9e6fe\" data-element_type=\"column\">\n\t\t\t<div class=\"elementor-widget-wrap elementor-element-populated\">\n\t\t\t\t\t\t\t\t<div class=\"elementor-element elementor-element-e899c83 elementor-widget elementor-widget-spacer\" data-id=\"e899c83\" data-element_type=\"widget\" data-widget_type=\"spacer.default\">\n\t\t\t\t<div class=\"elementor-widget-container\">\n\t\t\t\t\t<div class=\"elementor-spacer\">\n\t\t\t<div class=\"elementor-spacer-inner\"><\/div>\n\t\t<\/div>\n\t\t\t\t<\/div>\n\t\t\t\t<\/div>\n\t\t\t\t\t<\/div>\n\t\t<\/div>\n\t\t\t\t\t\t\t<\/div>\n\t\t<\/section>\n\t\t\t\t<section class=\"elementor-section elementor-top-section elementor-element elementor-element-d73bbba elementor-section-boxed elementor-section-height-default elementor-section-height-default\" data-id=\"d73bbba\" data-element_type=\"section\">\n\t\t\t\t\t\t<div class=\"elementor-container elementor-column-gap-default\">\n\t\t\t\t\t<div class=\"elementor-column elementor-col-33 elementor-top-column elementor-element elementor-element-ec2103e\" data-id=\"ec2103e\" data-element_type=\"column\">\n\t\t\t<div class=\"elementor-widget-wrap elementor-element-populated\">\n\t\t\t\t\t\t\t\t<div class=\"elementor-element elementor-element-dcfc47c elementor-widget elementor-widget-image\" data-id=\"dcfc47c\" data-element_type=\"widget\" data-widget_type=\"image.default\">\n\t\t\t\t<div class=\"elementor-widget-container\">\n\t\t\t\t\t\t\t\t\t\t\t\t\t\t\t\t<a href=\"https:\/\/barbanti.it\/azienda\/about\/\">\n\t\t\t\t\t\t\t<img loading=\"lazy\" decoding=\"async\" width=\"1024\" height=\"1024\" src=\"https:\/\/barbanti.it\/wp-content\/uploads\/2020\/07\/history-barbanti-1024x1024.jpg\" class=\"attachment-large size-large wp-image-5486\" alt=\"\" srcset=\"https:\/\/barbanti.it\/wp-content\/uploads\/2020\/07\/history-barbanti.jpg 1024w, https:\/\/barbanti.it\/wp-content\/uploads\/2020\/07\/history-barbanti-300x300.jpg 300w, https:\/\/barbanti.it\/wp-content\/uploads\/2020\/07\/history-barbanti-150x150.jpg 150w, https:\/\/barbanti.it\/wp-content\/uploads\/2020\/07\/history-barbanti-768x768.jpg 768w\" sizes=\"(max-width: 1024px) 100vw, 1024px\" \/>\t\t\t\t\t\t\t\t<\/a>\n\t\t\t\t\t\t\t\t\t\t\t\t\t\t\t<\/div>\n\t\t\t\t<\/div>\n\t\t\t\t\t<\/div>\n\t\t<\/div>\n\t\t\t\t<div class=\"elementor-column elementor-col-66 elementor-top-column elementor-element elementor-element-78fada9\" data-id=\"78fada9\" data-element_type=\"column\">\n\t\t\t<div class=\"elementor-widget-wrap elementor-element-populated\">\n\t\t\t\t\t\t\t\t<div class=\"elementor-element elementor-element-9ee0607 elementor-widget elementor-widget-text-editor\" data-id=\"9ee0607\" data-element_type=\"widget\" data-widget_type=\"text-editor.default\">\n\t\t\t\t<div class=\"elementor-widget-container\">\n\t\t\t\t\t\t\t<p>Historia<\/p>\t\t\t\t\t\t<\/div>\n\t\t\t\t<\/div>\n\t\t\t\t<div class=\"elementor-element elementor-element-062e9fc elementor-widget elementor-widget-text-editor\" data-id=\"062e9fc\" data-element_type=\"widget\" data-widget_type=\"text-editor.default\">\n\t\t\t\t<div class=\"elementor-widget-container\">\n\t\t\t\t\t\t\t<p>Fue en <strong>1957<\/strong> cuando Ilario Barbanti, propietario de un negocio de venta y reparaci\u00f3n de equipos el\u00e9ctricos, cansado de reparar los cordones el\u00e9ctricos de las planchas, que debido a la continua utilizaci\u00f3n en las lavander\u00edas se desgastaban hasta romperse, se impuso encontrar una soluci\u00f3n al problema.<\/p>\t\t\t\t\t\t<\/div>\n\t\t\t\t<\/div>\n\t\t\t\t<div class=\"elementor-element elementor-element-7f942dc elementor-align-left btn_frec elementor-widget elementor-widget-button\" data-id=\"7f942dc\" data-element_type=\"widget\" data-widget_type=\"button.default\">\n\t\t\t\t<div class=\"elementor-widget-container\">\n\t\t\t\t\t<div class=\"elementor-button-wrapper\">\n\t\t\t<a class=\"elementor-button elementor-button-link elementor-size-md\" href=\"https:\/\/barbanti.it\/azienda\/storia\/\">\n\t\t\t\t\t\t<span class=\"elementor-button-content-wrapper\">\n\t\t\t\t\t\t<span class=\"elementor-button-icon elementor-align-icon-right\">\n\t\t\t\t<i aria-hidden=\"true\" class=\"fas fa-arrow-circle-right\"><\/i>\t\t\t<\/span>\n\t\t\t\t\t\t<span class=\"elementor-button-text\">Descubre m\u00e1s<\/span>\n\t\t<\/span>\n\t\t\t\t\t<\/a>\n\t\t<\/div>\n\t\t\t\t<\/div>\n\t\t\t\t<\/div>\n\t\t\t\t\t<\/div>\n\t\t<\/div>\n\t\t\t\t\t\t\t<\/div>\n\t\t<\/section>\n\t\t\t\t<section class=\"elementor-section elementor-top-section elementor-element elementor-element-edeb33f elementor-section-boxed elementor-section-height-default elementor-section-height-default\" data-id=\"edeb33f\" data-element_type=\"section\">\n\t\t\t\t\t\t<div class=\"elementor-container elementor-column-gap-default\">\n\t\t\t\t\t<div class=\"elementor-column elementor-col-100 elementor-top-column elementor-element elementor-element-5f99640\" data-id=\"5f99640\" data-element_type=\"column\">\n\t\t\t<div class=\"elementor-widget-wrap elementor-element-populated\">\n\t\t\t\t\t\t\t\t<div class=\"elementor-element elementor-element-7d9a079 elementor-widget elementor-widget-spacer\" data-id=\"7d9a079\" data-element_type=\"widget\" data-widget_type=\"spacer.default\">\n\t\t\t\t<div class=\"elementor-widget-container\">\n\t\t\t\t\t<div class=\"elementor-spacer\">\n\t\t\t<div class=\"elementor-spacer-inner\"><\/div>\n\t\t<\/div>\n\t\t\t\t<\/div>\n\t\t\t\t<\/div>\n\t\t\t\t\t<\/div>\n\t\t<\/div>\n\t\t\t\t\t\t\t<\/div>\n\t\t<\/section>\n\t\t\t\t\t\t\t<\/div>\n\t\t","protected":false},"excerpt":{"rendered":"<p>Quienes somos Somos una\u00a0empresa con m\u00e1s de 40 a\u00f1os de experiencia consolidada\u00a0en la proyecci\u00f3n y producci\u00f3n de\u00a0equipos para el planchado industrial. Nuestra gama completa abarca de los generadores de vapor a las tablas de planchar, topper, prensas, maniqu\u00eds gen\u00e9ricos y espec\u00edficos y, adem\u00e1s, somos capaces de satisfacer todas las exigencias de los distintos sectores, de [&hellip;]<\/p>\n","protected":false},"author":1,"featured_media":0,"parent":0,"menu_order":0,"comment_status":"closed","ping_status":"closed","template":"","meta":{"inline_featured_image":false,"footnotes":""},"acf":[],"yoast_head":"<!-- This site is optimized with the Yoast SEO plugin v21.5 - https:\/\/yoast.com\/wordpress\/plugins\/seo\/ -->\n<title>Empresa - Barbanti<\/title>\n<meta name=\"robots\" content=\"index, follow, max-snippet:-1, max-image-preview:large, max-video-preview:-1\" \/>\n<link rel=\"canonical\" href=\"https:\/\/barbanti.it\/es\/empresa\/\" \/>\n<meta property=\"og:locale\" content=\"es_ES\" \/>\n<meta property=\"og:type\" content=\"article\" \/>\n<meta property=\"og:title\" content=\"Empresa - Barbanti\" \/>\n<meta property=\"og:description\" content=\"Quienes somos Somos una\u00a0empresa con m\u00e1s de 40 a\u00f1os de experiencia consolidada\u00a0en la proyecci\u00f3n y producci\u00f3n de\u00a0equipos para el planchado industrial. Nuestra gama completa abarca de los generadores de vapor a las tablas de planchar, topper, prensas, maniqu\u00eds gen\u00e9ricos y espec\u00edficos y, adem\u00e1s, somos capaces de satisfacer todas las exigencias de los distintos sectores, de [&hellip;]\" \/>\n<meta property=\"og:url\" content=\"https:\/\/barbanti.it\/es\/empresa\/\" \/>\n<meta property=\"og:site_name\" content=\"Barbanti\" \/>\n<meta property=\"article:modified_time\" content=\"2020-11-26T09:58:13+00:00\" \/>\n<meta property=\"og:image\" content=\"https:\/\/barbanti.it\/wp-content\/uploads\/2020\/07\/stabilimento-barbanti-1024x1024.jpg\" \/>\n<meta name=\"twitter:card\" content=\"summary_large_image\" \/>\n<meta name=\"twitter:label1\" content=\"Tiempo de lectura\" \/>\n\t<meta name=\"twitter:data1\" content=\"1 minuto\" \/>\n<script type=\"application\/ld+json\" class=\"yoast-schema-graph\">{\"@context\":\"https:\/\/schema.org\",\"@graph\":[{\"@type\":\"WebPage\",\"@id\":\"https:\/\/barbanti.it\/es\/empresa\/\",\"url\":\"https:\/\/barbanti.it\/es\/empresa\/\",\"name\":\"Empresa - Barbanti\",\"isPartOf\":{\"@id\":\"https:\/\/barbanti.it\/#website\"},\"datePublished\":\"2020-06-09T06:47:17+00:00\",\"dateModified\":\"2020-11-26T09:58:13+00:00\",\"inLanguage\":\"es\",\"potentialAction\":[{\"@type\":\"ReadAction\",\"target\":[\"https:\/\/barbanti.it\/es\/empresa\/\"]}]},{\"@type\":\"WebSite\",\"@id\":\"https:\/\/barbanti.it\/#website\",\"url\":\"https:\/\/barbanti.it\/\",\"name\":\"Barbanti\",\"description\":\"Attrezzature per stiro industriale\",\"publisher\":{\"@id\":\"https:\/\/barbanti.it\/#organization\"},\"potentialAction\":[{\"@type\":\"SearchAction\",\"target\":{\"@type\":\"EntryPoint\",\"urlTemplate\":\"https:\/\/barbanti.it\/?s={search_term_string}\"},\"query-input\":\"required name=search_term_string\"}],\"inLanguage\":\"es\"},{\"@type\":\"Organization\",\"@id\":\"https:\/\/barbanti.it\/#organization\",\"name\":\"Barbanti\",\"url\":\"https:\/\/barbanti.it\/\",\"logo\":{\"@type\":\"ImageObject\",\"inLanguage\":\"es\",\"@id\":\"https:\/\/barbanti.it\/#\/schema\/logo\/image\/\",\"url\":\"https:\/\/barbanti.it\/wp-content\/uploads\/2020\/09\/logo.svg\",\"contentUrl\":\"https:\/\/barbanti.it\/wp-content\/uploads\/2020\/09\/logo.svg\",\"width\":449,\"height\":119,\"caption\":\"Barbanti\"},\"image\":{\"@id\":\"https:\/\/barbanti.it\/#\/schema\/logo\/image\/\"}}]}<\/script>\n<!-- \/ Yoast SEO plugin. -->","yoast_head_json":{"title":"Empresa - Barbanti","robots":{"index":"index","follow":"follow","max-snippet":"max-snippet:-1","max-image-preview":"max-image-preview:large","max-video-preview":"max-video-preview:-1"},"canonical":"https:\/\/barbanti.it\/es\/empresa\/","og_locale":"es_ES","og_type":"article","og_title":"Empresa - Barbanti","og_description":"Quienes somos Somos una\u00a0empresa con m\u00e1s de 40 a\u00f1os de experiencia consolidada\u00a0en la proyecci\u00f3n y producci\u00f3n de\u00a0equipos para el planchado industrial. Nuestra gama completa abarca de los generadores de vapor a las tablas de planchar, topper, prensas, maniqu\u00eds gen\u00e9ricos y espec\u00edficos y, adem\u00e1s, somos capaces de satisfacer todas las exigencias de los distintos sectores, de [&hellip;]","og_url":"https:\/\/barbanti.it\/es\/empresa\/","og_site_name":"Barbanti","article_modified_time":"2020-11-26T09:58:13+00:00","og_image":[{"url":"https:\/\/barbanti.it\/wp-content\/uploads\/2020\/07\/stabilimento-barbanti-1024x1024.jpg"}],"twitter_card":"summary_large_image","twitter_misc":{"Tiempo de lectura":"1 minuto"},"schema":{"@context":"https:\/\/schema.org","@graph":[{"@type":"WebPage","@id":"https:\/\/barbanti.it\/es\/empresa\/","url":"https:\/\/barbanti.it\/es\/empresa\/","name":"Empresa - Barbanti","isPartOf":{"@id":"https:\/\/barbanti.it\/#website"},"datePublished":"2020-06-09T06:47:17+00:00","dateModified":"2020-11-26T09:58:13+00:00","inLanguage":"es","potentialAction":[{"@type":"ReadAction","target":["https:\/\/barbanti.it\/es\/empresa\/"]}]},{"@type":"WebSite","@id":"https:\/\/barbanti.it\/#website","url":"https:\/\/barbanti.it\/","name":"Barbanti","description":"Attrezzature per stiro industriale","publisher":{"@id":"https:\/\/barbanti.it\/#organization"},"potentialAction":[{"@type":"SearchAction","target":{"@type":"EntryPoint","urlTemplate":"https:\/\/barbanti.it\/?s={search_term_string}"},"query-input":"required name=search_term_string"}],"inLanguage":"es"},{"@type":"Organization","@id":"https:\/\/barbanti.it\/#organization","name":"Barbanti","url":"https:\/\/barbanti.it\/","logo":{"@type":"ImageObject","inLanguage":"es","@id":"https:\/\/barbanti.it\/#\/schema\/logo\/image\/","url":"https:\/\/barbanti.it\/wp-content\/uploads\/2020\/09\/logo.svg","contentUrl":"https:\/\/barbanti.it\/wp-content\/uploads\/2020\/09\/logo.svg","width":449,"height":119,"caption":"Barbanti"},"image":{"@id":"https:\/\/barbanti.it\/#\/schema\/logo\/image\/"}}]}},"_links":{"self":[{"href":"https:\/\/barbanti.it\/es\/wp-json\/wp\/v2\/pages\/5476"}],"collection":[{"href":"https:\/\/barbanti.it\/es\/wp-json\/wp\/v2\/pages"}],"about":[{"href":"https:\/\/barbanti.it\/es\/wp-json\/wp\/v2\/types\/page"}],"author":[{"embeddable":true,"href":"https:\/\/barbanti.it\/es\/wp-json\/wp\/v2\/users\/1"}],"replies":[{"embeddable":true,"href":"https:\/\/barbanti.it\/es\/wp-json\/wp\/v2\/comments?post=5476"}],"version-history":[{"count":7,"href":"https:\/\/barbanti.it\/es\/wp-json\/wp\/v2\/pages\/5476\/revisions"}],"predecessor-version":[{"id":6423,"href":"https:\/\/barbanti.it\/es\/wp-json\/wp\/v2\/pages\/5476\/revisions\/6423"}],"wp:attachment":[{"href":"https:\/\/barbanti.it\/es\/wp-json\/wp\/v2\/media?parent=5476"}],"curies":[{"name":"wp","href":"https:\/\/api.w.org\/{rel}","templated":true}]}}